{"id":30,"date":"2019-08-13T09:16:19","date_gmt":"2019-08-13T09:16:19","guid":{"rendered":"http:\/\/demo.shrimpthemes.com\/3\/transfastem\/?page_id=30"},"modified":"2024-12-01T13:20:18","modified_gmt":"2024-12-01T13:20:18","slug":"kontakt","status":"publish","type":"page","link":"https:\/\/aidatrans.pl\/fr\/kontakt\/","title":{"rendered":"Contact"},"content":{"rendered":"<div data-elementor-type=\"wp-post\" data-elementor-id=\"30\" class=\"elementor elementor-30\" data-elementor-settings=\"[]\">\n\t\t\t\t\t\t<div class=\"elementor-inner\">\n\t\t\t\t\t\t\t<div class=\"elementor-section-wrap\">\n\t\t\t\t\t\t\t<section class=\"elementor-section elementor-top-section elementor-element elementor-element-5ef6fb8 elementor-section-boxed elementor-section-height-default elementor-section-height-default\" data-id=\"5ef6fb8\" data-element_type=\"section\">\n\t\t\t\t\t\t<div class=\"elementor-container elementor-column-gap-default\">\n\t\t\t\t\t\t\t<div class=\"elementor-row\">\n\t\t\t\t\t<div class=\"elementor-column elementor-col-50 elementor-top-column elementor-element elementor-element-0c19e85 icon_flex\" data-id=\"0c19e85\" data-element_type=\"column\">\n\t\t\t<div class=\"elementor-column-wrap elementor-element-populated\">\n\t\t\t\t\t\t\t<div class=\"elementor-widget-wrap\">\n\t\t\t\t\t\t<div class=\"elementor-element elementor-element-5d38721 elementor-widget elementor-widget-heading\" data-id=\"5d38721\" data-element_type=\"widget\" data-widget_type=\"heading.default\">\n\t\t\t\t<div class=\"elementor-widget-container\">\n\t\t\t<h3 class=\"elementor-heading-title elementor-size-default\">Restons<\/h3>\t\t<\/div>\n\t\t\t\t<\/div>\n\t\t\t\t<div class=\"elementor-element elementor-element-2f35a2f elementor-widget elementor-widget-heading\" data-id=\"2f35a2f\" data-element_type=\"widget\" data-widget_type=\"heading.default\">\n\t\t\t\t<div class=\"elementor-widget-container\">\n\t\t\t<h2 class=\"elementor-heading-title elementor-size-default\">en contact<\/h2>\t\t<\/div>\n\t\t\t\t<\/div>\n\t\t\t\t<div class=\"elementor-element elementor-element-3d82be9 elementor-widget elementor-widget-text-editor\" data-id=\"3d82be9\" data-element_type=\"widget\" data-widget_type=\"text-editor.default\">\n\t\t\t\t<div class=\"elementor-widget-container\">\n\t\t\t\t\t<div class=\"elementor-text-editor elementor-clearfix\">En <strong style=\"color: #fab704;\">AidaTrans<\/strong>\u00a0l'\u00e9quipe est le moteur de l'entreprise. La capacit\u00e9 de l'organisation \u00e0 s'am\u00e9liorer, l'efficacit\u00e9 \u00e0 g\u00e9rer les pics de transport ou la flexibilit\u00e9 \u00e0 faire face aux commandes non standard, telles sont les comp\u00e9tences que les personnes qui franchissent chaque jour le seuil d'AidaTrans apportent avec elles.<\/div>\n\t\t\t\t<\/div>\n\t\t\t\t<\/div>\n\t\t\t\t<div class=\"elementor-element elementor-element-a8c8da4 elementor-position-left elementor-view-default elementor-vertical-align-top elementor-widget elementor-widget-icon-box\" data-id=\"a8c8da4\" data-element_type=\"widget\" data-widget_type=\"icon-box.default\">\n\t\t\t\t<div class=\"elementor-widget-container\">\n\t\t\t\t\t<div class=\"elementor-icon-box-wrapper\">\n\t\t\t\t\t\t<div class=\"elementor-icon-box-icon\">\n\t\t\t\t<span class=\"elementor-icon elementor-animation-grow\" >\n\t\t\t\t<i aria-hidden=\"true\" class=\"far fa-address-card\"><\/i>\t\t\t\t<\/span>\n\t\t\t<\/div>\n\t\t\t\t\t\t<div class=\"elementor-icon-box-content\">\n\t\t\t\t<h3 class=\"elementor-icon-box-title\">\n\t\t\t\t\t<span >REDOUANE LATRI \"AIDA-TRANS\" TRANSPORT MI\u0118DZYNARODOWY I KRAJOWY<br>NIP: 7292245225\n<\/span>\n\t\t\t\t<\/h3>\n\t\t\t\t\t\t\t<\/div>\n\t\t<\/div>\n\t\t\t\t<\/div>\n\t\t\t\t<\/div>\n\t\t\t\t<div class=\"elementor-element elementor-element-21f3bd1 elementor-position-left elementor-view-default elementor-vertical-align-top elementor-widget elementor-widget-icon-box\" data-id=\"21f3bd1\" data-element_type=\"widget\" data-widget_type=\"icon-box.default\">\n\t\t\t\t<div class=\"elementor-widget-container\">\n\t\t\t\t\t<div class=\"elementor-icon-box-wrapper\">\n\t\t\t\t\t\t<div class=\"elementor-icon-box-icon\">\n\t\t\t\t<span class=\"elementor-icon elementor-animation-grow\" >\n\t\t\t\t<i aria-hidden=\"true\" class=\"fas fa-map-marker-alt\"><\/i>\t\t\t\t<\/span>\n\t\t\t<\/div>\n\t\t\t\t\t\t<div class=\"elementor-icon-box-content\">\n\t\t\t\t<h3 class=\"elementor-icon-box-title\">\n\t\t\t\t\t<span >Ul. Om\u0142otowa 21 <br>94-251 \u0141\u00f3d\u017a \/ Poland<\/span>\n\t\t\t\t<\/h3>\n\t\t\t\t\t\t\t<\/div>\n\t\t<\/div>\n\t\t\t\t<\/div>\n\t\t\t\t<\/div>\n\t\t\t\t<div class=\"elementor-element elementor-element-b743f42 elementor-position-left elementor-view-default elementor-vertical-align-top elementor-widget elementor-widget-icon-box\" data-id=\"b743f42\" data-element_type=\"widget\" data-widget_type=\"icon-box.default\">\n\t\t\t\t<div class=\"elementor-widget-container\">\n\t\t\t\t\t<div class=\"elementor-icon-box-wrapper\">\n\t\t\t\t\t\t<div class=\"elementor-icon-box-icon\">\n\t\t\t\t<span class=\"elementor-icon elementor-animation-grow\" >\n\t\t\t\t<i aria-hidden=\"true\" class=\"fas fa-phone-volume\"><\/i>\t\t\t\t<\/span>\n\t\t\t<\/div>\n\t\t\t\t\t\t<div class=\"elementor-icon-box-content\">\n\t\t\t\t<h3 class=\"elementor-icon-box-title\">\n\t\t\t\t\t<span >Bureau: 00 48607560660 <br>Bureau: 00 48 609 636 660<\/span>\n\t\t\t\t<\/h3>\n\t\t\t\t\t\t\t\t<p class=\"elementor-icon-box-description\"><br>\nBillal: 00 48 693 040 200\n<br>\nOsman: 00 48 607 329 003\n<br>\n\u0141ukasz: 00 48 691 188 187<\/p>\n\t\t\t\t\t\t\t<\/div>\n\t\t<\/div>\n\t\t\t\t<\/div>\n\t\t\t\t<\/div>\n\t\t\t\t<div class=\"elementor-element elementor-element-ae8ff67 elementor-position-left elementor-view-default elementor-vertical-align-top elementor-widget elementor-widget-icon-box\" data-id=\"ae8ff67\" data-element_type=\"widget\" data-widget_type=\"icon-box.default\">\n\t\t\t\t<div class=\"elementor-widget-container\">\n\t\t\t\t\t<div class=\"elementor-icon-box-wrapper\">\n\t\t\t\t\t\t<div class=\"elementor-icon-box-icon\">\n\t\t\t\t<span class=\"elementor-icon elementor-animation-grow\" >\n\t\t\t\t<i aria-hidden=\"true\" class=\"fas fa-globe-asia\"><\/i>\t\t\t\t<\/span>\n\t\t\t<\/div>\n\t\t\t\t\t\t<div class=\"elementor-icon-box-content\">\n\t\t\t\t<h3 class=\"elementor-icon-box-title\">\n\t\t\t\t\t<span >biuro@aidatrans.pl <br>www.aidatrans.pl<\/span>\n\t\t\t\t<\/h3>\n\t\t\t\t\t\t\t<\/div>\n\t\t<\/div>\n\t\t\t\t<\/div>\n\t\t\t\t<\/div>\n\t\t\t\t\t\t<\/div>\n\t\t\t\t\t<\/div>\n\t\t<\/div>\n\t\t\t\t<div class=\"elementor-column elementor-col-50 elementor-top-column elementor-element elementor-element-547838c\" data-id=\"547838c\" data-element_type=\"column\">\n\t\t\t<div class=\"elementor-column-wrap elementor-element-populated\">\n\t\t\t\t\t\t\t<div class=\"elementor-widget-wrap\">\n\t\t\t\t\t\t<div class=\"elementor-element elementor-element-0722813 elementor-widget elementor-widget-image\" data-id=\"0722813\" data-element_type=\"widget\" data-widget_type=\"image.default\">\n\t\t\t\t<div class=\"elementor-widget-container\">\n\t\t\t\t\t<div class=\"elementor-image\">\n\t\t\t\t\t\t\t\t\t\t<img width=\"483\" height=\"481\" src=\"https:\/\/aidatrans.pl\/wp-content\/uploads\/2019\/08\/contact.png\" class=\"attachment-full size-full\" alt=\"\" loading=\"lazy\" srcset=\"https:\/\/aidatrans.pl\/wp-content\/uploads\/2019\/08\/contact.png 483w, https:\/\/aidatrans.pl\/wp-content\/uploads\/2019\/08\/contact-300x300.png 300w, https:\/\/aidatrans.pl\/wp-content\/uploads\/2019\/08\/contact-150x150.png 150w\" sizes=\"(max-width: 483px) 100vw, 483px\" \/>\t\t\t\t\t\t\t\t\t\t\t<\/div>\n\t\t\t\t<\/div>\n\t\t\t\t<\/div>\n\t\t\t\t\t\t<\/div>\n\t\t\t\t\t<\/div>\n\t\t<\/div>\n\t\t\t\t\t\t\t\t<\/div>\n\t\t\t\t\t<\/div>\n\t\t<\/section>\n\t\t\t\t<section class=\"elementor-section elementor-top-section elementor-element elementor-element-cbb0b92 elementor-section-boxed elementor-section-height-default elementor-section-height-default\" data-id=\"cbb0b92\" data-element_type=\"section\" data-settings=\"{&quot;background_background&quot;:&quot;classic&quot;}\">\n\t\t\t\t\t\t<div class=\"elementor-container elementor-column-gap-default\">\n\t\t\t\t\t\t\t<div class=\"elementor-row\">\n\t\t\t\t\t<div class=\"elementor-column elementor-col-100 elementor-top-column elementor-element elementor-element-06d7872\" data-id=\"06d7872\" data-element_type=\"column\">\n\t\t\t<div class=\"elementor-column-wrap elementor-element-populated\">\n\t\t\t\t\t\t\t<div class=\"elementor-widget-wrap\">\n\t\t\t\t\t\t<div class=\"elementor-element elementor-element-35b041f elementor-widget elementor-widget-heading\" data-id=\"35b041f\" data-element_type=\"widget\" data-widget_type=\"heading.default\">\n\t\t\t\t<div class=\"elementor-widget-container\">\n\t\t\t<h2 class=\"elementor-heading-title elementor-size-default\">Envoyer <b>un message<\/b>\n<\/h2>\t\t<\/div>\n\t\t\t\t<\/div>\n\t\t\t\t<div class=\"elementor-element elementor-element-ad899a3 elementor-widget elementor-widget-wpforms\" data-id=\"ad899a3\" data-element_type=\"widget\" data-widget_type=\"wpforms.default\">\n\t\t\t\t<div class=\"elementor-widget-container\">\n\t\t\t<script type=\"text\/html\" id=\"tmpl-wpforms-builder-elementor-popup\">\n\t<div id=\"wpforms-builder-elementor-popup\" style=\"display:none;\">\n\t\t<iframe src=\"about:blank\" width=\"100%\" height=\"100%\" frameborder=\"0\" id=\"wpforms-builder-iframe\"><\/iframe>\n\t<\/div>\n<\/script>\n<div class=\"wpforms-container wpforms-container-full\" id=\"wpforms-1256\"><form id=\"wpforms-form-1256\" class=\"wpforms-validate wpforms-form wpforms-ajax-form\" data-formid=\"1256\" method=\"post\" enctype=\"multipart\/form-data\" action=\"\/fr\/wp-json\/wp\/v2\/pages\/30\" data-token=\"6893ba0e51af81d053cdbedeb533abaa\" data-trp-original-action=\"\/fr\/wp-json\/wp\/v2\/pages\/30\"><noscript class=\"wpforms-error-noscript\">Veuillez activer JavaScript dans votre navigateur pour remplir ce formulaire.<\/noscript><div class=\"wpforms-field-container\"><div id=\"wpforms-1256-field_0-container\" class=\"wpforms-field wpforms-field-name\" data-field-id=\"0\"><label class=\"wpforms-field-label\" for=\"wpforms-1256-field_0\">Pr\u00e9nom et nom <span class=\"wpforms-required-label\">*<\/span><\/label><input type=\"text\" id=\"wpforms-1256-field_0\" class=\"wpforms-field-medium wpforms-field-required\" name=\"wpforms[fields][0]\" required><\/div><div id=\"wpforms-1256-field_1-container\" class=\"wpforms-field wpforms-field-email\" data-field-id=\"1\"><label class=\"wpforms-field-label\" for=\"wpforms-1256-field_1\">Email <span class=\"wpforms-required-label\">*<\/span><\/label><input type=\"email\" id=\"wpforms-1256-field_1\" class=\"wpforms-field-medium wpforms-field-required\" name=\"wpforms[fields][1]\" required><\/div><div id=\"wpforms-1256-field_2-container\" class=\"wpforms-field wpforms-field-textarea\" data-field-id=\"2\"><label class=\"wpforms-field-label\" for=\"wpforms-1256-field_2\">Message <span class=\"wpforms-required-label\">*<\/span><\/label><textarea id=\"wpforms-1256-field_2\" class=\"wpforms-field-medium wpforms-field-required\" name=\"wpforms[fields][2]\" required><\/textarea><\/div><\/div><div class=\"wpforms-recaptcha-container\" ><div class=\"g-recaptcha\" data-sitekey=\"6LeaC9AZAAAAAI14WDw8noT7SAqEaUhyfGz1WX53\"><\/div><input type=\"text\" name=\"g-recaptcha-hidden\" class=\"wpforms-recaptcha-hidden\" style=\"position:absolute!important;clip:rect(0,0,0,0)!important;height:1px!important;width:1px!important;border:0!important;overflow:hidden!important;padding:0!important;margin:0!important;\" required><\/div><div class=\"wpforms-submit-container\" ><input type=\"hidden\" name=\"wpforms[id]\" value=\"1256\"><input type=\"hidden\" name=\"wpforms[author]\" value=\"1\"><button type=\"submit\" name=\"wpforms[submit]\" class=\"wpforms-submit\" id=\"wpforms-submit-1256\" value=\"wpforms-submit\" aria-live=\"assertive\" data-alt-text=\"Sending...\" data-submit-text=\"Wy\u015blij\">Envoyer<\/button><img loading=\"lazy\" src=\"https:\/\/aidatrans.pl\/wp-content\/plugins\/wpforms\/assets\/images\/submit-spin.svg\" class=\"wpforms-submit-spinner\" style=\"display: none;\" width=\"26\" height=\"26\" alt=\"\"><\/div><input type=\"hidden\" name=\"trp-form-language\" value=\"fr\"\/><\/form><\/div>  <!-- .wpforms-container -->\t\t<\/div>\n\t\t\t\t<\/div>\n\t\t\t\t\t\t<\/div>\n\t\t\t\t\t<\/div>\n\t\t<\/div>\n\t\t\t\t\t\t\t\t<\/div>\n\t\t\t\t\t<\/div>\n\t\t<\/section>\n\t\t\t\t<section class=\"elementor-section elementor-top-section elementor-element elementor-element-6a1575c elementor-section-full_width elementor-section-height-default elementor-section-height-default\" data-id=\"6a1575c\" data-element_type=\"section\">\n\t\t\t\t\t\t<div class=\"elementor-container elementor-column-gap-default\">\n\t\t\t\t\t\t\t<div class=\"elementor-row\">\n\t\t\t\t\t<div class=\"elementor-column elementor-col-100 elementor-top-column elementor-element elementor-element-0230963\" data-id=\"0230963\" data-element_type=\"column\">\n\t\t\t<div class=\"elementor-column-wrap elementor-element-populated\">\n\t\t\t\t\t\t\t<div class=\"elementor-widget-wrap\">\n\t\t\t\t\t\t<div class=\"elementor-element elementor-element-b1a966f elementor-widget elementor-widget-google_maps\" data-id=\"b1a966f\" data-element_type=\"widget\" data-widget_type=\"google_maps.default\">\n\t\t\t\t<div class=\"elementor-widget-container\">\n\t\t\t<div class=\"elementor-custom-embed\"><iframe frameborder=\"0\" scrolling=\"no\" marginheight=\"0\" marginwidth=\"0\" src=\"https:\/\/maps.google.com\/maps?q=Ul.%20Om%C5%82otowa%2021%2094-251%20%C5%81%C3%B3d%C5%BA%20%2F%20Poland&amp;t=m&amp;z=10&amp;output=embed&amp;iwloc=near\" aria-label=\"Ul. Om\u0142otowa 21 94-251 \u0141\u00f3d\u017a \/ Poland\"><\/iframe><\/div>\t\t<\/div>\n\t\t\t\t<\/div>\n\t\t\t\t\t\t<\/div>\n\t\t\t\t\t<\/div>\n\t\t<\/div>\n\t\t\t\t\t\t\t\t<\/div>\n\t\t\t\t\t<\/div>\n\t\t<\/section>\n\t\t\t\t\t\t<\/div>\n\t\t\t\t\t\t<\/div>\n\t\t\t\t\t<\/div>","protected":false},"excerpt":{"rendered":"<p>B\u0105d\u017amy W kontakcie W AidaTrans&nbsp;to zesp\u00f3\u0142 jest motorem nap\u0119dowym firmy. Zdolno\u015b\u0107 organizacji do samodoskonalenia si\u0119, skuteczno\u015b\u0107 mierzenia si\u0119 ze szczytami przewozowymi czy elastyczno\u015b\u0107 w konfrontacji z niestandardowymi zleceniami &#8211; to umiej\u0119tno\u015bci, kt\u00f3re wnosz\u0105 ze sob\u0105 ludzie przechodz\u0105cy co dzie\u0144 pr\u00f3g siedziby AidaTrans. REDOUANE LATRI &#8220;AIDA-TRANS&#8221; TRANSPORT MI\u0118DZYNARODOWY I KRAJOWY NIP: 7292245225 Ul. Om\u0142otowa 21 94-251 [&hellip;]<\/p>","protected":false},"author":1,"featured_media":0,"parent":0,"menu_order":0,"comment_status":"closed","ping_status":"closed","template":"elementor_header_footer","meta":[],"yoast_head":"<!-- This site is optimized with the Yoast SEO plugin v15.0 - https:\/\/yoast.com\/wordpress\/plugins\/seo\/ -->\n<title>Kontakt - Aidatrans - Us\u0142ugi Transportowe<\/title>\n<meta name=\"description\" content=\"Kontakt - AidaTrans - 20 lat do\u015bwiadczenia - spedycja, transport krajowy i mi\u0119dzynarodowy. Dysponujemy 30 pojazdami ci\u0119\u017carowymi.\" \/>\n<meta name=\"robots\" content=\"index, follow, max-snippet:-1, max-image-preview:large, max-video-preview:-1\" \/>\n<link rel=\"canonical\" href=\"https:\/\/aidatrans.pl\/fr\/kontakt\/\" \/>\n<meta property=\"og:locale\" content=\"fr_FR\" \/>\n<meta property=\"og:type\" content=\"article\" \/>\n<meta property=\"og:title\" content=\"Kontakt - Aidatrans - Us\u0142ugi Transportowe\" \/>\n<meta property=\"og:description\" content=\"Kontakt - AidaTrans - 20 lat do\u015bwiadczenia - spedycja, transport krajowy i mi\u0119dzynarodowy. Dysponujemy 30 pojazdami ci\u0119\u017carowymi.\" \/>\n<meta property=\"og:url\" content=\"https:\/\/aidatrans.pl\/fr\/kontakt\/\" \/>\n<meta property=\"og:site_name\" content=\"Aidatrans - Us\u0142ugi Transportowe\" \/>\n<meta property=\"article:modified_time\" content=\"2024-12-01T13:20:18+00:00\" \/>\n<meta property=\"og:image\" content=\"http:\/\/aidatrans.pl\/wp-content\/uploads\/2019\/08\/contact.png\" \/>\n<meta name=\"twitter:card\" content=\"summary_large_image\" \/>\n<script type=\"application\/ld+json\" class=\"yoast-schema-graph\">{\"@context\":\"https:\/\/schema.org\",\"@graph\":[{\"@type\":\"WebSite\",\"@id\":\"https:\/\/aidatrans.pl\/fr\/#website\",\"url\":\"https:\/\/aidatrans.pl\/fr\/\",\"name\":\"Aidatrans - Us\\u0142ugi Transportowe\",\"description\":\"AidaTrans to dynamicznie rozwijaj\\u0105c\\u0105 si\\u0119 firm\\u0105, kt\\u00f3ra specjalizuje si\\u0119 w us\\u0142ugach przewozowych i spedycyjnych. Swoj\\u0105 dzia\\u0142alno\\u015b\\u0107 na rynku transportowym rozpocz\\u0119li\\u015bmy w 2000 roku.\",\"potentialAction\":[{\"@type\":\"SearchAction\",\"target\":\"https:\/\/aidatrans.pl\/fr\/?s={search_term_string}\",\"query-input\":\"required name=search_term_string\"}],\"inLanguage\":\"fr-FR\"},{\"@type\":\"ImageObject\",\"@id\":\"http:\/\/aidatrans.pl\/kontakt\/#primaryimage\",\"inLanguage\":\"fr-FR\",\"url\":\"http:\/\/aidatrans.pl\/wp-content\/uploads\/2019\/08\/contact.png\"},{\"@type\":\"WebPage\",\"@id\":\"http:\/\/aidatrans.pl\/kontakt\/#webpage\",\"url\":\"http:\/\/aidatrans.pl\/kontakt\/\",\"name\":\"Kontakt - Aidatrans - Us\\u0142ugi Transportowe\",\"isPartOf\":{\"@id\":\"https:\/\/aidatrans.pl\/fr\/#website\"},\"primaryImageOfPage\":{\"@id\":\"http:\/\/aidatrans.pl\/kontakt\/#primaryimage\"},\"datePublished\":\"2019-08-13T09:16:19+00:00\",\"dateModified\":\"2024-12-01T13:20:18+00:00\",\"description\":\"Kontakt - AidaTrans - 20 lat do\\u015bwiadczenia - spedycja, transport krajowy i mi\\u0119dzynarodowy. Dysponujemy 30 pojazdami ci\\u0119\\u017carowymi.\",\"inLanguage\":\"fr-FR\",\"potentialAction\":[{\"@type\":\"ReadAction\",\"target\":[\"http:\/\/aidatrans.pl\/kontakt\/\"]}]}]}<\/script>\n<!-- \/ Yoast SEO plugin. -->","_links":{"self":[{"href":"https:\/\/aidatrans.pl\/fr\/wp-json\/wp\/v2\/pages\/30"}],"collection":[{"href":"https:\/\/aidatrans.pl\/fr\/wp-json\/wp\/v2\/pages"}],"about":[{"href":"https:\/\/aidatrans.pl\/fr\/wp-json\/wp\/v2\/types\/page"}],"author":[{"embeddable":true,"href":"https:\/\/aidatrans.pl\/fr\/wp-json\/wp\/v2\/users\/1"}],"replies":[{"embeddable":true,"href":"https:\/\/aidatrans.pl\/fr\/wp-json\/wp\/v2\/comments?post=30"}],"version-history":[{"count":3,"href":"https:\/\/aidatrans.pl\/fr\/wp-json\/wp\/v2\/pages\/30\/revisions"}],"predecessor-version":[{"id":1430,"href":"https:\/\/aidatrans.pl\/fr\/wp-json\/wp\/v2\/pages\/30\/revisions\/1430"}],"wp:attachment":[{"href":"https:\/\/aidatrans.pl\/fr\/wp-json\/wp\/v2\/media?parent=30"}],"curies":[{"name":"wp","href":"https:\/\/api.w.org\/{rel}","templated":true}]}}